{"id":1201,"date":"2018-10-11T10:19:03","date_gmt":"2018-10-11T08:19:03","guid":{"rendered":"http:\/\/aarhus.select-themes.com\/?page_id=1201"},"modified":"2023-01-31T14:28:18","modified_gmt":"2023-01-31T13:28:18","slug":"notre-histoire","status":"publish","type":"page","link":"https:\/\/www.maisonauthentik.com\/index.php\/notre-histoire\/","title":{"rendered":"Notre Histoire"},"content":{"rendered":"<p>[vc_row][vc_column offset=\u00a0\u00bbvc_col-lg-offset-1 vc_col-lg-10&Prime;]<div class=\"qodef-elements-holder   qodef-one-column  qodef-responsive-mode-768 \" ><div class=\"qodef-eh-item    \"  data-item-class=\"qodef-eh-custom-5452\" data-681-768=\"115px 0 57px 0\" data-680=\"115px 0 57px 0\">\n\t<div class=\"qodef-eh-item-inner\">\n\t\t<div class=\"qodef-eh-item-content qodef-eh-custom-5452\" style=\"padding: 115px 0 197px 0\">\n\t\t\t<div class=\"qodef-number-with-text-holder \">\n    <span class=\"qodef-nwt-number\"><\/span>\n\t<div class=\"qodef-nwt-text-holder\" >\n\t\t\t\t\t<p class=\"qodef-nwt-text\">La rencontre inattendue de deux femmes ind\u00e9pendantes et fortes, expertes de l\u2019immobilier et de la d\u00e9coration d'int\u00e9rieur.<\/p>\n<p>La cr\u00e9ation de Maison AuthentiK fut comme une \u00e9vidence.<\/p>\n<p>Entreprise novatrice, nous vous donnons la promesse de vous accompagner dans votre projet de A \u00e0 Z, qu\u2019il s\u2019agisse d\u2019un changement de vie dans une nouvelle maison, appartement ou d'un changement d'ambiance et de d\u00e9coration.<\/p>\n<p>Chaque projet \u00e9tant unique, nous avons \u00e0 c\u0153ur de vous d\u00e9couvrir afin de pouvoir comprendre vos besoins, vos habitudes, vos r\u00eaves pour que le lieu choisi soit en totale harmonie.<\/p>\n<p>Ce temps pass\u00e9 ensemble permettra d\u2019\u00e9crire une belle histoire d\u2019int\u00e9rieur et de cr\u00e9er les liens particuliers qui font la richesse de ce m\u00e9tier.<\/p>\n<p>Cr\u00e9er des ambiances harmonieuses, sublimer les lieux en travaillant la lumi\u00e8re, jouer avec les couleurs, les textures et les mat\u00e9riaux, proposer du mobilier et des accessoires d\u00e9coratifs o\u00f9 chacun peut s\u2019\u00e9panouir sans oublier la vie de tous les jours, l\u2019esth\u00e9tique ne devant pas occulter les aspects pratiques.<\/p>\n<p>Embellir votre int\u00e9rieur est notre raison d\u2019\u00eatre.<\/p>\n\t    <\/div>\n<\/div>[vc_empty_space height=\u00a0\u00bb92px\u00a0\u00bb]\t\t<\/div>\n\t<\/div>\n<\/div><\/div>[\/vc_column][\/vc_row]<\/p>\n","protected":false},"excerpt":{"rendered":"<p>[vc_row][vc_column offset=\u00a0\u00bbvc_col-lg-offset-1 vc_col-lg-10&Prime;][\/vc_column][\/vc_row]<\/p>\n","protected":false},"author":3,"featured_media":0,"parent":0,"menu_order":0,"comment_status":"closed","ping_status":"closed","template":"","meta":{"footnotes":""},"class_list":["post-1201","page","type-page","status-publish","hentry"],"_links":{"self":[{"href":"https:\/\/www.maisonauthentik.com\/index.php\/wp-json\/wp\/v2\/pages\/1201","targetHints":{"allow":["GET"]}}],"collection":[{"href":"https:\/\/www.maisonauthentik.com\/index.php\/wp-json\/wp\/v2\/pages"}],"about":[{"href":"https:\/\/www.maisonauthentik.com\/index.php\/wp-json\/wp\/v2\/types\/page"}],"author":[{"embeddable":true,"href":"https:\/\/www.maisonauthentik.com\/index.php\/wp-json\/wp\/v2\/users\/3"}],"replies":[{"embeddable":true,"href":"https:\/\/www.maisonauthentik.com\/index.php\/wp-json\/wp\/v2\/comments?post=1201"}],"version-history":[{"count":9,"href":"https:\/\/www.maisonauthentik.com\/index.php\/wp-json\/wp\/v2\/pages\/1201\/revisions"}],"predecessor-version":[{"id":6088,"href":"https:\/\/www.maisonauthentik.com\/index.php\/wp-json\/wp\/v2\/pages\/1201\/revisions\/6088"}],"wp:attachment":[{"href":"https:\/\/www.maisonauthentik.com\/index.php\/wp-json\/wp\/v2\/media?parent=1201"}],"curies":[{"name":"wp","href":"https:\/\/api.w.org\/{rel}","templated":true}]}}