{"id":1223,"date":"2018-10-11T10:51:07","date_gmt":"2018-10-11T10:51:07","guid":{"rendered":"http:\/\/aarhus.select-themes.com\/?page_id=1223"},"modified":"2022-07-07T13:54:06","modified_gmt":"2022-07-07T11:54:06","slug":"nos-partenaires","status":"publish","type":"page","link":"https:\/\/www.maisonauthentik.com\/index.php\/nos-partenaires\/","title":{"rendered":"NOS PARTENAIRES"},"content":{"rendered":"<p>[vc_row row_content_width=\u00a0\u00bbgrid\u00a0\u00bb content_text_aligment=\u00a0\u00bbcenter\u00a0\u00bb css=\u00a0\u00bb.vc_custom_1653912698309{padding-top: 140px !important;}\u00a0\u00bb][vc_column width=\u00a0\u00bb1\/4&Prime; offset=\u00a0\u00bbvc_col-lg-offset-0 vc_col-lg-12&Prime; css=\u00a0\u00bb.vc_custom_1653911830687{padding-right: 0px !important;padding-left: 0px !important;}\u00a0\u00bb]<div class=\"qodef-elements-holder   qodef-one-column  qodef-responsive-mode-768 qodef-one-column-alignment-center\" ><div class=\"qodef-eh-item    \"  data-item-class=\"qodef-eh-custom-4657\" data-1025-1366=\"0 4% 0 1.4%\" data-769-1024=\"0 4% 0 2%\" data-681-768=\"0 0 0 0\" data-680=\"0 0 0 0\">\n\t<div class=\"qodef-eh-item-inner\">\n\t\t<div class=\"qodef-eh-item-content qodef-eh-custom-4657\" style=\"padding: 0 70px 0 52px\">\n\t\t\t[vc_text_separator title=\u00a0\u00bb3D &#8211; Photos\u00a0\u00bb][vc_empty_space]<div class=\"qodef-clients-grid-holder qodef-grid-list qodef-disable-bottom-space qodef-one-columns qodef-huge-space  qodef-cc-hover-roll-over\">\n\t<div class=\"qodef-cg-inner qodef-outer-space\">\n\t\t<div class=\"qodef-cc-item qodef-item-space qodef-cci-has-link\">\n\t\t\t<a itemprop=\"url\" class=\"qodef-cc-link qodef-block-drag-link\" href=\"http:\/\/www.vizstation.com\" target=\"_blank\">\n\t\t\t\t\t\t<img decoding=\"async\" itemprop=\"image\" class=\"qodef-cc-image\" src=\"https:\/\/www.maisonauthentik.com\/wp-content\/uploads\/2022\/05\/VIZSTATION.png\" alt=\"\" \/>\n\t\t\t\t\t\t\t<img decoding=\"async\" itemprop=\"image\" class=\"qodef-cc-hover-image\" src=\"https:\/\/www.maisonauthentik.com\/wp-content\/uploads\/2022\/05\/VIZSTATION.png\" alt=\"\" \/>\n\t\t\t\t\t<\/a>\n\t<\/div>\t<\/div>\n<\/div>\t\t<\/div>\n\t<\/div>\n<\/div><div class=\"qodef-eh-item    \"  data-item-class=\"qodef-eh-custom-7165\" data-1025-1366=\"0 4% 0 1.4%\" data-769-1024=\"0 4% 0 2%\" data-681-768=\"0 0 0 0\" data-680=\"0 0 0 0\">\n\t<div class=\"qodef-eh-item-inner\">\n\t\t<div class=\"qodef-eh-item-content qodef-eh-custom-7165\" style=\"padding: 0 70px 0 52px\">\n\t\t\t[vc_text_separator title=\u00a0\u00bbAm\u00e9nageur &#8211; Promoteur &#8211; Constructeur &#8211; G\u00e9om\u00e8tre\u00a0\u00bb][vc_empty_space]<div class=\"qodef-clients-grid-holder qodef-grid-list qodef-disable-bottom-space qodef-one-columns qodef-huge-space  qodef-cc-hover-roll-over\">\n\t<div class=\"qodef-cg-inner qodef-outer-space\">\n\t\t<div class=\"qodef-cc-item qodef-item-space qodef-cci-has-link\">\n\t\t\t<a itemprop=\"url\" class=\"qodef-cc-link qodef-block-drag-link\" href=\"http:\/\/www.terresamaisons.com\" target=\"_blank\">\n\t\t\t\t\t\t<img decoding=\"async\" itemprop=\"image\" class=\"qodef-cc-image\" src=\"https:\/\/www.maisonauthentik.com\/wp-content\/uploads\/2022\/06\/TAM.jpg\" alt=\"\" \/>\n\t\t\t\t\t\t\t<img decoding=\"async\" itemprop=\"image\" class=\"qodef-cc-hover-image\" src=\"https:\/\/www.maisonauthentik.com\/wp-content\/uploads\/2022\/06\/TAM.jpg\" alt=\"\" \/>\n\t\t\t\t\t<\/a>\n\t<\/div>\t<\/div>\n<\/div>\t\t<\/div>\n\t<\/div>\n<\/div><div class=\"qodef-eh-item    \"  data-item-class=\"qodef-eh-custom-6152\" data-1025-1366=\"0 4% 0 1.4%\" data-769-1024=\"0 4% 0 2%\" data-681-768=\"0 0 0 0\" data-680=\"0 0 0 0\">\n\t<div class=\"qodef-eh-item-inner\">\n\t\t<div class=\"qodef-eh-item-content qodef-eh-custom-6152\" style=\"padding: 0 70px 0 52px\">\n\t\t\t[vc_text_separator title=\u00a0\u00bbD\u00e9co\u00a0\u00bb][vc_empty_space]<div class=\"qodef-clients-grid-holder qodef-grid-list qodef-disable-bottom-space qodef-two-columns qodef-huge-space  qodef-cc-hover-roll-over\">\n\t<div class=\"qodef-cg-inner qodef-outer-space\">\n\t\t<div class=\"qodef-cc-item qodef-item-space qodef-cci-has-link\">\n\t\t\t<a itemprop=\"url\" class=\"qodef-cc-link qodef-block-drag-link\" href=\"http:\/\/www.botany.fr\" target=\"_self\">\n\t\t\t\t\t\t<img decoding=\"async\" itemprop=\"image\" class=\"qodef-cc-image\" src=\"https:\/\/www.maisonauthentik.com\/wp-content\/uploads\/2022\/05\/BOTANY.png\" alt=\"\" \/>\n\t\t\t\t\t\t\t<img decoding=\"async\" itemprop=\"image\" class=\"qodef-cc-hover-image\" src=\"https:\/\/www.maisonauthentik.com\/wp-content\/uploads\/2022\/05\/BOTANY.png\" alt=\"\" \/>\n\t\t\t\t\t<\/a>\n\t<\/div><div class=\"qodef-cc-item qodef-item-space qodef-cci-has-link\">\n\t\t\t<a itemprop=\"url\" class=\"qodef-cc-link qodef-block-drag-link\" href=\"http:\/\/www.maisonsdumonde.com\" target=\"_self\">\n\t\t\t\t\t\t<img decoding=\"async\" itemprop=\"image\" class=\"qodef-cc-image\" src=\"https:\/\/www.maisonauthentik.com\/wp-content\/uploads\/2022\/05\/MAISON-DU-MONDE-1.png\" alt=\"\" \/>\n\t\t\t\t\t\t\t<img decoding=\"async\" itemprop=\"image\" class=\"qodef-cc-hover-image\" src=\"https:\/\/www.maisonauthentik.com\/wp-content\/uploads\/2022\/05\/MAISON-DU-MONDE-1.png\" alt=\"\" \/>\n\t\t\t\t\t<\/a>\n\t<\/div><div class=\"qodef-cc-item qodef-item-space qodef-cci-has-link\">\n\t\t\t<a itemprop=\"url\" class=\"qodef-cc-link qodef-block-drag-link\" href=\"http:\/\/www.naturalys.fr\" target=\"_self\">\n\t\t\t\t\t\t<img decoding=\"async\" itemprop=\"image\" class=\"qodef-cc-image\" src=\"https:\/\/www.maisonauthentik.com\/wp-content\/uploads\/2022\/05\/NATURALYS.png\" alt=\"\" \/>\n\t\t\t\t\t\t\t<img decoding=\"async\" itemprop=\"image\" class=\"qodef-cc-hover-image\" src=\"https:\/\/www.maisonauthentik.com\/wp-content\/uploads\/2022\/05\/NATURALYS.png\" alt=\"\" \/>\n\t\t\t\t\t<\/a>\n\t<\/div><div class=\"qodef-cc-item qodef-item-space qodef-cci-has-link\">\n\t\t\t<a itemprop=\"url\" class=\"qodef-cc-link qodef-block-drag-link\" href=\"https:\/\/www.laredoute.fr\/pplp\/cat-85201.aspx\" target=\"_self\">\n\t\t\t\t\t\t<img decoding=\"async\" itemprop=\"image\" class=\"qodef-cc-image\" src=\"https:\/\/www.maisonauthentik.com\/wp-content\/uploads\/2022\/05\/LA-REDOUTE-AMPM.png\" alt=\"\" \/>\n\t\t\t\t\t\t\t<img decoding=\"async\" itemprop=\"image\" class=\"qodef-cc-hover-image\" src=\"https:\/\/www.maisonauthentik.com\/wp-content\/uploads\/2022\/05\/LA-REDOUTE-AMPM.png\" alt=\"\" \/>\n\t\t\t\t\t<\/a>\n\t<\/div><div class=\"qodef-cc-item qodef-item-space qodef-cci-has-link\">\n\t\t\t<a itemprop=\"url\" class=\"qodef-cc-link qodef-block-drag-link\" href=\"http:\/\/www.atmosphera.fr\" target=\"_self\">\n\t\t\t\t\t\t<img decoding=\"async\" itemprop=\"image\" class=\"qodef-cc-image\" src=\"https:\/\/www.maisonauthentik.com\/wp-content\/uploads\/2022\/05\/ATMOSPHERA.png\" alt=\"\" \/>\n\t\t\t\t\t\t\t<img decoding=\"async\" itemprop=\"image\" class=\"qodef-cc-hover-image\" src=\"https:\/\/www.maisonauthentik.com\/wp-content\/uploads\/2022\/05\/ATMOSPHERA.png\" alt=\"\" \/>\n\t\t\t\t\t<\/a>\n\t<\/div><div class=\"qodef-cc-item qodef-item-space qodef-cci-has-link\">\n\t\t\t<a itemprop=\"url\" class=\"qodef-cc-link qodef-block-drag-link\" href=\"https:\/\/www.miliboo.com\/\" target=\"_self\">\n\t\t\t\t\t\t<img decoding=\"async\" itemprop=\"image\" class=\"qodef-cc-image\" src=\"https:\/\/www.maisonauthentik.com\/wp-content\/uploads\/2022\/06\/MILIBOO.png\" alt=\"\" \/>\n\t\t\t\t\t\t\t<img decoding=\"async\" itemprop=\"image\" class=\"qodef-cc-hover-image\" src=\"https:\/\/www.maisonauthentik.com\/wp-content\/uploads\/2022\/06\/MILIBOO.png\" alt=\"\" \/>\n\t\t\t\t\t<\/a>\n\t<\/div>\t<\/div>\n<\/div>\t\t<\/div>\n\t<\/div>\n<\/div><\/div>[\/vc_column][vc_column width=\u00a0\u00bb1\/4&Prime;][\/vc_column][vc_column width=\u00a0\u00bb1\/4&Prime;][\/vc_column][vc_column width=\u00a0\u00bb1\/4&Prime;][\/vc_column][\/vc_row]<\/p>\n","protected":false},"excerpt":{"rendered":"<p>[vc_row row_content_width=\u00a0\u00bbgrid\u00a0\u00bb content_text_aligment=\u00a0\u00bbcenter\u00a0\u00bb css=\u00a0\u00bb.vc_custom_1653912698309{padding-top: 140px !important;}\u00a0\u00bb][vc_column width=\u00a0\u00bb1\/4&Prime; offset=\u00a0\u00bbvc_col-lg-offset-0 vc_col-lg-12&Prime; css=\u00a0\u00bb.vc_custom_1653911830687{padding-right: 0px !important;padding-left: 0px !important;}\u00a0\u00bb][\/vc_column][vc_column width=\u00a0\u00bb1\/4&Prime;][\/vc_column][vc_column width=\u00a0\u00bb1\/4&Prime;][\/vc_column][vc_column width=\u00a0\u00bb1\/4&Prime;][\/vc_column][\/vc_row]<\/p>\n","protected":false},"author":3,"featured_media":0,"parent":0,"menu_order":0,"comment_status":"closed","ping_status":"closed","template":"full-width.php","meta":{"footnotes":""},"class_list":["post-1223","page","type-page","status-publish","hentry"],"_links":{"self":[{"href":"https:\/\/www.maisonauthentik.com\/index.php\/wp-json\/wp\/v2\/pages\/1223","targetHints":{"allow":["GET"]}}],"collection":[{"href":"https:\/\/www.maisonauthentik.com\/index.php\/wp-json\/wp\/v2\/pages"}],"about":[{"href":"https:\/\/www.maisonauthentik.com\/index.php\/wp-json\/wp\/v2\/types\/page"}],"author":[{"embeddable":true,"href":"https:\/\/www.maisonauthentik.com\/index.php\/wp-json\/wp\/v2\/users\/3"}],"replies":[{"embeddable":true,"href":"https:\/\/www.maisonauthentik.com\/index.php\/wp-json\/wp\/v2\/comments?post=1223"}],"version-history":[{"count":43,"href":"https:\/\/www.maisonauthentik.com\/index.php\/wp-json\/wp\/v2\/pages\/1223\/revisions"}],"predecessor-version":[{"id":5926,"href":"https:\/\/www.maisonauthentik.com\/index.php\/wp-json\/wp\/v2\/pages\/1223\/revisions\/5926"}],"wp:attachment":[{"href":"https:\/\/www.maisonauthentik.com\/index.php\/wp-json\/wp\/v2\/media?parent=1223"}],"curies":[{"name":"wp","href":"https:\/\/api.w.org\/{rel}","templated":true}]}}