{"id":5383,"date":"2022-03-15T15:02:05","date_gmt":"2022-03-15T14:02:05","guid":{"rendered":"https:\/\/www.maisonauthentik.fr\/?page_id=5383"},"modified":"2022-05-30T13:25:47","modified_gmt":"2022-05-30T11:25:47","slug":"la-deko","status":"publish","type":"page","link":"https:\/\/www.maisonauthentik.com\/index.php\/main-home\/nos-offres\/la-deko\/","title":{"rendered":"La D\u00e9Ko"},"content":{"rendered":"<p>[vc_row css=\u00a0\u00bb.vc_custom_1647334405148{margin-top: 0px !important;margin-bottom: 0px !important;padding-top: 0px !important;padding-bottom: 0px !important;}\u00a0\u00bb][vc_column width=\u00a0\u00bb1\/2&Prime; css=\u00a0\u00bb.vc_custom_1540821309315{margin-top: 0px !important;margin-right: 0px !important;margin-bottom: 0px !important;margin-left: 0px !important;border-top-width: 1px !important;border-bottom-width: 1px !important;padding-top: 0px !important;padding-right: 0px !important;padding-bottom: 0px !important;padding-left: 0px !important;border-top-color: #e5e5e5 !important;border-top-style: solid !important;border-bottom-color: #e5e5e5 !important;border-bottom-style: solid !important;border-radius: 1px !important;}\u00a0\u00bb offset=\u00a0\u00bbvc_col-lg-4 vc_col-md-4 vc_col-xs-12&Prime;]<div class=\"qodef-image-with-number-holder  qodef-with-image\" style=\"border-right: 1px solid #e5e5e5\">\n\t\t    <div class=\"qodef-iwn-image\">\n            <img loading=\"lazy\" decoding=\"async\" width=\"800\" height=\"871\" src=\"https:\/\/www.maisonauthentik.com\/wp-content\/uploads\/2018\/10\/vertical-menu-home-port-img-20.jpg\" class=\"attachment-full size-full\" alt=\"g\" srcset=\"https:\/\/www.maisonauthentik.com\/wp-content\/uploads\/2018\/10\/vertical-menu-home-port-img-20.jpg 800w, https:\/\/www.maisonauthentik.com\/wp-content\/uploads\/2018\/10\/vertical-menu-home-port-img-20-600x653.jpg 600w, https:\/\/www.maisonauthentik.com\/wp-content\/uploads\/2018\/10\/vertical-menu-home-port-img-20-276x300.jpg 276w, https:\/\/www.maisonauthentik.com\/wp-content\/uploads\/2018\/10\/vertical-menu-home-port-img-20-768x836.jpg 768w\" sizes=\"auto, (max-width: 800px) 100vw, 800px\" \/>        <\/div>\n\t    <div class=\"qodef-iwn-text-holder\" style=\"padding: 12% 28% 0 15%\">\n                    <\/div>\n                <div class=\"qodef-iwn-overlay-image-holder\">\n            <div class=\"qodef-iwn-overlay-image\">\n                <img loading=\"lazy\" decoding=\"async\" width=\"800\" height=\"871\" src=\"https:\/\/www.maisonauthentik.com\/wp-content\/uploads\/2018\/10\/vertical-menu-home-port-img-20.jpg\" class=\"attachment-full size-full\" alt=\"g\" srcset=\"https:\/\/www.maisonauthentik.com\/wp-content\/uploads\/2018\/10\/vertical-menu-home-port-img-20.jpg 800w, https:\/\/www.maisonauthentik.com\/wp-content\/uploads\/2018\/10\/vertical-menu-home-port-img-20-600x653.jpg 600w, https:\/\/www.maisonauthentik.com\/wp-content\/uploads\/2018\/10\/vertical-menu-home-port-img-20-276x300.jpg 276w, https:\/\/www.maisonauthentik.com\/wp-content\/uploads\/2018\/10\/vertical-menu-home-port-img-20-768x836.jpg 768w\" sizes=\"auto, (max-width: 800px) 100vw, 800px\" \/>            <\/div>\n                    <\/div>\n    <\/div>[\/vc_column][vc_column width=\u00a0\u00bb1\/2&Prime;][vc_column_text]<\/p>\n<h5><strong><span style=\"color: #3366ff;\">Le petit \u00ab plus \u00bb de notre Agence 3.0 : tous les projets de d\u00e9coration d\u2019int\u00e9rieur.<\/span><\/strong><\/h5>\n<h5><strong><span style=\"color: #3366ff;\">Vous avez envie de changer votre int\u00e9rieur, vous venez d\u2019emm\u00e9nager ou venez d\u2019acqu\u00e9rir et vous souhaitez donner un caract\u00e8re tr\u00e8s personnel \u00e0 votre maison, quelque soit votre projet, form\u00e9es au m\u00e9tier d\u2019architecte d\u2019int\u00e9rieur, nous sommes \u00e0 l\u2019\u00e9coute de toutes vos id\u00e9es m\u00eame les plus \u00ab\u00a0folles\u00a0\u00bb.<\/span><\/strong><\/h5>\n<h5><strong><span style=\"color: #3366ff;\">Un premier \u00e9change sur place, nous permet d\u2019\u00e9tablir un projet sereinement et tout en respectant votre budget.<\/span><\/strong><\/h5>\n<h5><strong><span style=\"color: #3366ff;\">Les partenariats que nous avons mis en place avec de nombreux fournisseurs, nous permettent de vous proposer des tarifs comp\u00e9titifs.<\/span><\/strong><\/h5>\n<h5><strong><span style=\"color: #3366ff;\">Notre sens de l\u2019esth\u00e9tisme mis au service de vos souhaits.<\/span><\/strong><\/h5>\n<ul>\n<li><strong><span style=\"color: #3366ff;\">Analyse de vos besoins en d\u00e9coration et \u00ab Home Staging \u00bb ;\u00a0 \u00a0<\/span><\/strong><\/li>\n<li><strong><span style=\"color: #3366ff;\">Estimation des co\u00fbts en ad\u00e9quation avec votre budget\u00a0;<\/span><\/strong><\/li>\n<li><strong><span style=\"color: #3366ff;\">R\u00e9alisation de visualisation 3D (avant \/ apr\u00e8s)\u00a0;<\/span><\/strong><\/li>\n<li><strong><span style=\"color: #3366ff;\">Suivi et mise en \u0153uvre du projet.<\/span><\/strong><\/li>\n<\/ul>\n<p>[\/vc_column_text][\/vc_column][\/vc_row]<\/p>\n","protected":false},"excerpt":{"rendered":"<p>[vc_row css=\u00a0\u00bb.vc_custom_1647334405148{margin-top: 0px !important;margin-bottom: 0px !important;padding-top: 0px !important;padding-bottom: 0px !important;}\u00a0\u00bb][vc_column width=\u00a0\u00bb1\/2&Prime; css=\u00a0\u00bb.vc_custom_1540821309315{margin-top: 0px !important;margin-right: 0px !important;margin-bottom: 0px !important;margin-left: 0px !important;border-top-width: 1px !important;border-bottom-width: 1px !important;padding-top: 0px !important;padding-right: 0px !important;padding-bottom: 0px !important;padding-left: 0px !important;border-top-color: #e5e5e5 !important;border-top-style: solid !important;border-bottom-color: #e5e5e5 !important;border-bottom-style: solid !important;border-radius: [&hellip;]<\/p>\n","protected":false},"author":3,"featured_media":0,"parent":2061,"menu_order":0,"comment_status":"closed","ping_status":"closed","template":"full-width.php","meta":{"footnotes":""},"class_list":["post-5383","page","type-page","status-publish","hentry"],"_links":{"self":[{"href":"https:\/\/www.maisonauthentik.com\/index.php\/wp-json\/wp\/v2\/pages\/5383","targetHints":{"allow":["GET"]}}],"collection":[{"href":"https:\/\/www.maisonauthentik.com\/index.php\/wp-json\/wp\/v2\/pages"}],"about":[{"href":"https:\/\/www.maisonauthentik.com\/index.php\/wp-json\/wp\/v2\/types\/page"}],"author":[{"embeddable":true,"href":"https:\/\/www.maisonauthentik.com\/index.php\/wp-json\/wp\/v2\/users\/3"}],"replies":[{"embeddable":true,"href":"https:\/\/www.maisonauthentik.com\/index.php\/wp-json\/wp\/v2\/comments?post=5383"}],"version-history":[{"count":11,"href":"https:\/\/www.maisonauthentik.com\/index.php\/wp-json\/wp\/v2\/pages\/5383\/revisions"}],"predecessor-version":[{"id":5797,"href":"https:\/\/www.maisonauthentik.com\/index.php\/wp-json\/wp\/v2\/pages\/5383\/revisions\/5797"}],"up":[{"embeddable":true,"href":"https:\/\/www.maisonauthentik.com\/index.php\/wp-json\/wp\/v2\/pages\/2061"}],"wp:attachment":[{"href":"https:\/\/www.maisonauthentik.com\/index.php\/wp-json\/wp\/v2\/media?parent=5383"}],"curies":[{"name":"wp","href":"https:\/\/api.w.org\/{rel}","templated":true}]}}