{"id":5385,"date":"2022-03-15T15:11:03","date_gmt":"2022-03-15T14:11:03","guid":{"rendered":"https:\/\/www.maisonauthentik.fr\/?page_id=5385"},"modified":"2022-06-02T15:11:52","modified_gmt":"2022-06-02T13:11:52","slug":"la-specifik","status":"publish","type":"page","link":"https:\/\/www.maisonauthentik.com\/index.php\/main-home\/nos-offres\/la-specifik\/","title":{"rendered":"La Sp\u00e9cifiK"},"content":{"rendered":"<p>[vc_row css=\u00a0\u00bb.vc_custom_1647334405148{margin-top: 0px !important;margin-bottom: 0px !important;padding-top: 0px !important;padding-bottom: 0px !important;}\u00a0\u00bb][vc_column width=\u00a0\u00bb1\/2&Prime; css=\u00a0\u00bb.vc_custom_1540821309315{margin-top: 0px !important;margin-right: 0px !important;margin-bottom: 0px !important;margin-left: 0px !important;border-top-width: 1px !important;border-bottom-width: 1px !important;padding-top: 0px !important;padding-right: 0px !important;padding-bottom: 0px !important;padding-left: 0px !important;border-top-color: #e5e5e5 !important;border-top-style: solid !important;border-bottom-color: #e5e5e5 !important;border-bottom-style: solid !important;border-radius: 1px !important;}\u00a0\u00bb offset=\u00a0\u00bbvc_col-lg-4 vc_col-md-4 vc_col-xs-12&Prime;]<div class=\"qodef-image-with-number-holder  qodef-with-image\" style=\"border-right: 1px solid #e5e5e5\">\n\t\t    <div class=\"qodef-iwn-image\">\n            <img loading=\"lazy\" decoding=\"async\" width=\"600\" height=\"462\" src=\"https:\/\/www.maisonauthentik.com\/wp-content\/uploads\/2018\/10\/blog-home-img-11.jpg\" class=\"attachment-full size-full\" alt=\"g\" srcset=\"https:\/\/www.maisonauthentik.com\/wp-content\/uploads\/2018\/10\/blog-home-img-11.jpg 600w, https:\/\/www.maisonauthentik.com\/wp-content\/uploads\/2018\/10\/blog-home-img-11-300x231.jpg 300w\" sizes=\"auto, (max-width: 600px) 100vw, 600px\" \/>        <\/div>\n\t    <div class=\"qodef-iwn-text-holder\" style=\"padding: 12% 28% 0 15%\">\n                    <\/div>\n                <div class=\"qodef-iwn-overlay-image-holder\">\n            <div class=\"qodef-iwn-overlay-image\">\n                <img loading=\"lazy\" decoding=\"async\" width=\"600\" height=\"462\" src=\"https:\/\/www.maisonauthentik.com\/wp-content\/uploads\/2018\/10\/blog-home-img-11.jpg\" class=\"attachment-full size-full\" alt=\"g\" srcset=\"https:\/\/www.maisonauthentik.com\/wp-content\/uploads\/2018\/10\/blog-home-img-11.jpg 600w, https:\/\/www.maisonauthentik.com\/wp-content\/uploads\/2018\/10\/blog-home-img-11-300x231.jpg 300w\" sizes=\"auto, (max-width: 600px) 100vw, 600px\" \/>            <\/div>\n                    <\/div>\n    <\/div>[\/vc_column][vc_column width=\u00a0\u00bb1\/2&Prime;][vc_column_text]<\/p>\n<h5><span style=\"color: #3366ff;\"><strong>Votre projet \u00ab\u00a0sur mesure\u00a0\u00bb<\/strong><\/span><\/h5>\n<h5><span style=\"color: #3366ff;\"><strong>Parce qu\u2019il est toujours difficile de se lancer seul dans un projet de r\u00e9novation globale et surtout parce que les risques d\u2019\u00e9chec sont existants, Maison Authentik vous accompagne dans la conception, la r\u00e9alisation et la mise en \u0153uvre de votre projet immobilier.<\/strong><\/span><\/h5>\n<h5><span style=\"color: #3366ff;\"><strong>Investir dans un b\u00e2timent ancien, une demeure de cachet, n\u00e9cessite bien souvent la capacit\u00e9 \u00e0 se projeter et \u00e0 budg\u00e9ter vos envies au plus juste.<\/strong><\/span><\/h5>\n<h5><span style=\"color: #3366ff;\"><strong>Maison Authentik vous partage son exp\u00e9rience au travers d\u2019une relation de proximit\u00e9 et toujours dans le respect de vos demandes.<\/strong><\/span><\/h5>\n<h5><span style=\"color: #3366ff;\"><strong>Nos \u00e9quipes \u00ab\u00a0travaux\u00a0\u00bb, rod\u00e9es, professionnelles, rigoureuses, \u00e9laborent en coordination avec vous l\u2019int\u00e9gralit\u00e9 du projet (faisabilit\u00e9 technique, mise en \u0153uvre, suivi de chantier, etc\u2026)<\/strong><\/span><\/h5>\n<h5><span style=\"color: #3366ff;\"><strong>V\u00e9ritables \u00ab\u00a0chasseuses de biens\u00a0\u00bb, nous trouverons, pour vous, le bien id\u00e9al et vous proposerons un dossier complet \u00e9tabli sur\u00a0:<\/strong><\/span><\/h5>\n<ul>\n<li><span style=\"color: #3366ff;\"><strong>La recherche du bien id\u00e9al\u00a0;<\/strong><\/span><\/li>\n<li><span style=\"color: #3366ff;\"><strong>Une analyse pr\u00e9cise de vos besoins\u00a0;<\/strong><\/span><\/li>\n<li><span style=\"color: #3366ff;\"><strong>Le montage du dossier d\u2019acquisition et de financement\u00a0;<\/strong><\/span><\/li>\n<li><span style=\"color: #3366ff;\"><strong>La r\u00e9alisation de plans 3D (avant\/apr\u00e8s)\u00a0;<\/strong><\/span><\/li>\n<li><span style=\"color: #3366ff;\"><strong>Les planches d\u2019ambiance con\u00e7ues selon vos go\u00fbts\u00a0;<\/strong><\/span><\/li>\n<li><span style=\"color: #3366ff;\"><strong>La liste shopping respectant votre budget\u00a0;<\/strong><\/span><\/li>\n<li><span style=\"color: #3366ff;\"><strong>Le suivi et mise en \u0153uvre du chantier jusqu\u2019\u00e0 la livraison et la remise des cl\u00e9s.<\/strong><\/span><\/li>\n<\/ul>\n<p>[\/vc_column_text][\/vc_column][\/vc_row]<\/p>\n","protected":false},"excerpt":{"rendered":"<p>[vc_row css=\u00a0\u00bb.vc_custom_1647334405148{margin-top: 0px !important;margin-bottom: 0px !important;padding-top: 0px !important;padding-bottom: 0px !important;}\u00a0\u00bb][vc_column width=\u00a0\u00bb1\/2&Prime; css=\u00a0\u00bb.vc_custom_1540821309315{margin-top: 0px !important;margin-right: 0px !important;margin-bottom: 0px !important;margin-left: 0px !important;border-top-width: 1px !important;border-bottom-width: 1px !important;padding-top: 0px !important;padding-right: 0px !important;padding-bottom: 0px !important;padding-left: 0px !important;border-top-color: #e5e5e5 !important;border-top-style: solid !important;border-bottom-color: #e5e5e5 !important;border-bottom-style: solid !important;border-radius: [&hellip;]<\/p>\n","protected":false},"author":3,"featured_media":0,"parent":2061,"menu_order":0,"comment_status":"closed","ping_status":"closed","template":"full-width.php","meta":{"footnotes":""},"class_list":["post-5385","page","type-page","status-publish","hentry"],"_links":{"self":[{"href":"https:\/\/www.maisonauthentik.com\/index.php\/wp-json\/wp\/v2\/pages\/5385","targetHints":{"allow":["GET"]}}],"collection":[{"href":"https:\/\/www.maisonauthentik.com\/index.php\/wp-json\/wp\/v2\/pages"}],"about":[{"href":"https:\/\/www.maisonauthentik.com\/index.php\/wp-json\/wp\/v2\/types\/page"}],"author":[{"embeddable":true,"href":"https:\/\/www.maisonauthentik.com\/index.php\/wp-json\/wp\/v2\/users\/3"}],"replies":[{"embeddable":true,"href":"https:\/\/www.maisonauthentik.com\/index.php\/wp-json\/wp\/v2\/comments?post=5385"}],"version-history":[{"count":6,"href":"https:\/\/www.maisonauthentik.com\/index.php\/wp-json\/wp\/v2\/pages\/5385\/revisions"}],"predecessor-version":[{"id":5828,"href":"https:\/\/www.maisonauthentik.com\/index.php\/wp-json\/wp\/v2\/pages\/5385\/revisions\/5828"}],"up":[{"embeddable":true,"href":"https:\/\/www.maisonauthentik.com\/index.php\/wp-json\/wp\/v2\/pages\/2061"}],"wp:attachment":[{"href":"https:\/\/www.maisonauthentik.com\/index.php\/wp-json\/wp\/v2\/media?parent=5385"}],"curies":[{"name":"wp","href":"https:\/\/api.w.org\/{rel}","templated":true}]}}