{"id":5389,"date":"2022-03-15T15:12:47","date_gmt":"2022-03-15T14:12:47","guid":{"rendered":"https:\/\/www.maisonauthentik.fr\/?page_id=5389"},"modified":"2022-05-30T13:37:54","modified_gmt":"2022-05-30T11:37:54","slug":"autres-prestations","status":"publish","type":"page","link":"https:\/\/www.maisonauthentik.com\/index.php\/main-home\/nos-offres\/autres-prestations\/","title":{"rendered":"Autres Prestations"},"content":{"rendered":"<p>[vc_row css=\u00a0\u00bb.vc_custom_1647334405148{margin-top: 0px !important;margin-bottom: 0px !important;padding-top: 0px !important;padding-bottom: 0px !important;}\u00a0\u00bb][vc_column width=\u00a0\u00bb1\/2&Prime; css=\u00a0\u00bb.vc_custom_1540821309315{margin-top: 0px !important;margin-right: 0px !important;margin-bottom: 0px !important;margin-left: 0px !important;border-top-width: 1px !important;border-bottom-width: 1px !important;padding-top: 0px !important;padding-right: 0px !important;padding-bottom: 0px !important;padding-left: 0px !important;border-top-color: #e5e5e5 !important;border-top-style: solid !important;border-bottom-color: #e5e5e5 !important;border-bottom-style: solid !important;border-radius: 1px !important;}\u00a0\u00bb offset=\u00a0\u00bbvc_col-lg-4 vc_col-md-4 vc_col-xs-12&Prime;]<div class=\"qodef-image-with-number-holder  qodef-with-image\" style=\"border-right: 1px solid #e5e5e5\">\n\t\t    <div class=\"qodef-iwn-image\">\n            <img decoding=\"async\" src=\"https:\/\/www.maisonauthentik.com\/wp-content\/uploads\/2022\/04\/iStock-851249674.jpg\" class=\"attachment-full size-full\" alt=\"\" \/>        <\/div>\n\t    <div class=\"qodef-iwn-text-holder\" style=\"padding: 12% 28% 0 15%\">\n                    <\/div>\n                <div class=\"qodef-iwn-overlay-image-holder\">\n            <div class=\"qodef-iwn-overlay-image\">\n                <img decoding=\"async\" src=\"https:\/\/www.maisonauthentik.com\/wp-content\/uploads\/2022\/04\/iStock-851249674.jpg\" class=\"attachment-full size-full\" alt=\"\" \/>            <\/div>\n                    <\/div>\n    <\/div>[\/vc_column][vc_column width=\u00a0\u00bb1\/2&Prime;][vc_column_text]<\/p>\n<h5><span style=\"color: #3366ff;\"><strong>Cr\u00e9atrices d\u2019envies et de r\u00eaves, les cordes \u00e0 notre arc sont multiples\u00a0!<\/strong><\/span><\/h5>\n<h5><span style=\"color: #3366ff;\"><strong>Faites-nous part de vos id\u00e9es, nous les concr\u00e9tiserons.<\/strong><\/span><\/h5>\n<h5 style=\"text-align: left;\"><span style=\"color: #3366ff;\"><strong><em>\u00ab\u00a0Fais de ta vie un r\u00eave, et d&rsquo;un r\u00eave, une r\u00e9alit\u00e9\u00a0\u00bb<\/em><\/strong><\/span><\/h5>\n<h5><span style=\"color: #3366ff;\"><strong>Extrait du \u00ab\u00a0Petit Prince\u00a0\u00bb &#8211; Auteur Antoine de Saint-Exup\u00e9ry<\/strong><\/span><\/h5>\n<p>[\/vc_column_text][\/vc_column][\/vc_row]<\/p>\n","protected":false},"excerpt":{"rendered":"<p>[vc_row css=\u00a0\u00bb.vc_custom_1647334405148{margin-top: 0px !important;margin-bottom: 0px !important;padding-top: 0px !important;padding-bottom: 0px !important;}\u00a0\u00bb][vc_column width=\u00a0\u00bb1\/2&Prime; css=\u00a0\u00bb.vc_custom_1540821309315{margin-top: 0px !important;margin-right: 0px !important;margin-bottom: 0px !important;margin-left: 0px !important;border-top-width: 1px !important;border-bottom-width: 1px !important;padding-top: 0px !important;padding-right: 0px !important;padding-bottom: 0px !important;padding-left: 0px !important;border-top-color: #e5e5e5 !important;border-top-style: solid !important;border-bottom-color: #e5e5e5 !important;border-bottom-style: solid !important;border-radius: [&hellip;]<\/p>\n","protected":false},"author":3,"featured_media":0,"parent":2061,"menu_order":0,"comment_status":"closed","ping_status":"closed","template":"full-width.php","meta":{"footnotes":""},"class_list":["post-5389","page","type-page","status-publish","hentry"],"_links":{"self":[{"href":"https:\/\/www.maisonauthentik.com\/index.php\/wp-json\/wp\/v2\/pages\/5389","targetHints":{"allow":["GET"]}}],"collection":[{"href":"https:\/\/www.maisonauthentik.com\/index.php\/wp-json\/wp\/v2\/pages"}],"about":[{"href":"https:\/\/www.maisonauthentik.com\/index.php\/wp-json\/wp\/v2\/types\/page"}],"author":[{"embeddable":true,"href":"https:\/\/www.maisonauthentik.com\/index.php\/wp-json\/wp\/v2\/users\/3"}],"replies":[{"embeddable":true,"href":"https:\/\/www.maisonauthentik.com\/index.php\/wp-json\/wp\/v2\/comments?post=5389"}],"version-history":[{"count":13,"href":"https:\/\/www.maisonauthentik.com\/index.php\/wp-json\/wp\/v2\/pages\/5389\/revisions"}],"predecessor-version":[{"id":5802,"href":"https:\/\/www.maisonauthentik.com\/index.php\/wp-json\/wp\/v2\/pages\/5389\/revisions\/5802"}],"up":[{"embeddable":true,"href":"https:\/\/www.maisonauthentik.com\/index.php\/wp-json\/wp\/v2\/pages\/2061"}],"wp:attachment":[{"href":"https:\/\/www.maisonauthentik.com\/index.php\/wp-json\/wp\/v2\/media?parent=5389"}],"curies":[{"name":"wp","href":"https:\/\/api.w.org\/{rel}","templated":true}]}}