{"id":5391,"date":"2022-03-15T15:13:35","date_gmt":"2022-03-15T14:13:35","guid":{"rendered":"https:\/\/www.maisonauthentik.fr\/?page_id=5391"},"modified":"2022-05-30T13:33:10","modified_gmt":"2022-05-30T11:33:10","slug":"accompagnement","status":"publish","type":"page","link":"https:\/\/www.maisonauthentik.com\/index.php\/main-home\/nos-offres\/accompagnement\/","title":{"rendered":"Accompagnement administratif et r\u00e8glementaire"},"content":{"rendered":"<p>[vc_row css=\u00a0\u00bb.vc_custom_1647334405148{margin-top: 0px !important;margin-bottom: 0px !important;padding-top: 0px !important;padding-bottom: 0px !important;}\u00a0\u00bb][vc_column width=\u00a0\u00bb1\/2&Prime; css=\u00a0\u00bb.vc_custom_1540821309315{margin-top: 0px !important;margin-right: 0px !important;margin-bottom: 0px !important;margin-left: 0px !important;border-top-width: 1px !important;border-bottom-width: 1px !important;padding-top: 0px !important;padding-right: 0px !important;padding-bottom: 0px !important;padding-left: 0px !important;border-top-color: #e5e5e5 !important;border-top-style: solid !important;border-bottom-color: #e5e5e5 !important;border-bottom-style: solid !important;border-radius: 1px !important;}\u00a0\u00bb offset=\u00a0\u00bbvc_col-lg-4 vc_col-md-4 vc_col-xs-12&Prime;]<div class=\"qodef-image-with-number-holder  qodef-with-image\" style=\"border-right: 1px solid #e5e5e5\">\n\t\t    <div class=\"qodef-iwn-image\">\n            <img loading=\"lazy\" decoding=\"async\" width=\"2560\" height=\"1600\" src=\"https:\/\/www.maisonauthentik.com\/wp-content\/uploads\/2022\/04\/Bureau-scaled.jpg\" class=\"attachment-full size-full\" alt=\"\" srcset=\"https:\/\/www.maisonauthentik.com\/wp-content\/uploads\/2022\/04\/Bureau-scaled.jpg 2560w, https:\/\/www.maisonauthentik.com\/wp-content\/uploads\/2022\/04\/Bureau-300x188.jpg 300w, https:\/\/www.maisonauthentik.com\/wp-content\/uploads\/2022\/04\/Bureau-1024x640.jpg 1024w, https:\/\/www.maisonauthentik.com\/wp-content\/uploads\/2022\/04\/Bureau-768x480.jpg 768w, https:\/\/www.maisonauthentik.com\/wp-content\/uploads\/2022\/04\/Bureau-1536x960.jpg 1536w, https:\/\/www.maisonauthentik.com\/wp-content\/uploads\/2022\/04\/Bureau-600x375.jpg 600w\" sizes=\"auto, (max-width: 2560px) 100vw, 2560px\" \/>        <\/div>\n\t    <div class=\"qodef-iwn-text-holder\" style=\"padding: 12% 28% 0 15%\">\n                    <\/div>\n                <div class=\"qodef-iwn-overlay-image-holder\">\n            <div class=\"qodef-iwn-overlay-image\">\n                <img loading=\"lazy\" decoding=\"async\" width=\"2560\" height=\"1600\" src=\"https:\/\/www.maisonauthentik.com\/wp-content\/uploads\/2022\/04\/Bureau-scaled.jpg\" class=\"attachment-full size-full\" alt=\"\" srcset=\"https:\/\/www.maisonauthentik.com\/wp-content\/uploads\/2022\/04\/Bureau-scaled.jpg 2560w, https:\/\/www.maisonauthentik.com\/wp-content\/uploads\/2022\/04\/Bureau-300x188.jpg 300w, https:\/\/www.maisonauthentik.com\/wp-content\/uploads\/2022\/04\/Bureau-1024x640.jpg 1024w, https:\/\/www.maisonauthentik.com\/wp-content\/uploads\/2022\/04\/Bureau-768x480.jpg 768w, https:\/\/www.maisonauthentik.com\/wp-content\/uploads\/2022\/04\/Bureau-1536x960.jpg 1536w, https:\/\/www.maisonauthentik.com\/wp-content\/uploads\/2022\/04\/Bureau-600x375.jpg 600w\" sizes=\"auto, (max-width: 2560px) 100vw, 2560px\" \/>            <\/div>\n                    <\/div>\n    <\/div>[\/vc_column][vc_column width=\u00a0\u00bb1\/2&Prime;][vc_column_text]<\/p>\n<h5><strong><span style=\"color: #3366ff;\">Vous avez un projet immobilier, d\u2019investissement, d\u2019optimisation ou de cr\u00e9ation de votre patrimoine, Maison Authentik vous accompagne dans toutes vos d\u00e9marches par le biais de diff\u00e9rents outils adapt\u00e9s \u00e0 votre profil\u00a0:<\/span><\/strong><\/h5>\n<ul>\n<li><strong><span style=\"color: #3366ff;\">La mise en place de cession de formation personnalis\u00e9e (E-learning, fiches pratiques, coaching)\u00a0;<\/span><\/strong><\/li>\n<li><strong><span style=\"color: #3366ff;\">La constitution des dossiers urbanistiques (Permis de construire, demande pr\u00e9alable de travaux, demande de certificat d\u2019urbanisme, etc\u2026)\u00a0;<\/span><\/strong><\/li>\n<li><strong><span style=\"color: #3366ff;\">Les projets de division fonci\u00e8re\u00a0;<\/span><\/strong><\/li>\n<\/ul>\n<h5><strong><span style=\"color: #3366ff;\">N\u2019h\u00e9sitez pas \u00e0 nous consulter\u00a0!<\/span><\/strong><\/h5>\n<p>[\/vc_column_text][\/vc_column][\/vc_row]<\/p>\n","protected":false},"excerpt":{"rendered":"<p>[vc_row css=\u00a0\u00bb.vc_custom_1647334405148{margin-top: 0px !important;margin-bottom: 0px !important;padding-top: 0px !important;padding-bottom: 0px !important;}\u00a0\u00bb][vc_column width=\u00a0\u00bb1\/2&Prime; css=\u00a0\u00bb.vc_custom_1540821309315{margin-top: 0px !important;margin-right: 0px !important;margin-bottom: 0px !important;margin-left: 0px !important;border-top-width: 1px !important;border-bottom-width: 1px !important;padding-top: 0px !important;padding-right: 0px !important;padding-bottom: 0px !important;padding-left: 0px !important;border-top-color: #e5e5e5 !important;border-top-style: solid !important;border-bottom-color: #e5e5e5 !important;border-bottom-style: solid !important;border-radius: [&hellip;]<\/p>\n","protected":false},"author":3,"featured_media":0,"parent":2061,"menu_order":0,"comment_status":"closed","ping_status":"closed","template":"full-width.php","meta":{"footnotes":""},"class_list":["post-5391","page","type-page","status-publish","hentry"],"_links":{"self":[{"href":"https:\/\/www.maisonauthentik.com\/index.php\/wp-json\/wp\/v2\/pages\/5391","targetHints":{"allow":["GET"]}}],"collection":[{"href":"https:\/\/www.maisonauthentik.com\/index.php\/wp-json\/wp\/v2\/pages"}],"about":[{"href":"https:\/\/www.maisonauthentik.com\/index.php\/wp-json\/wp\/v2\/types\/page"}],"author":[{"embeddable":true,"href":"https:\/\/www.maisonauthentik.com\/index.php\/wp-json\/wp\/v2\/users\/3"}],"replies":[{"embeddable":true,"href":"https:\/\/www.maisonauthentik.com\/index.php\/wp-json\/wp\/v2\/comments?post=5391"}],"version-history":[{"count":8,"href":"https:\/\/www.maisonauthentik.com\/index.php\/wp-json\/wp\/v2\/pages\/5391\/revisions"}],"predecessor-version":[{"id":5800,"href":"https:\/\/www.maisonauthentik.com\/index.php\/wp-json\/wp\/v2\/pages\/5391\/revisions\/5800"}],"up":[{"embeddable":true,"href":"https:\/\/www.maisonauthentik.com\/index.php\/wp-json\/wp\/v2\/pages\/2061"}],"wp:attachment":[{"href":"https:\/\/www.maisonauthentik.com\/index.php\/wp-json\/wp\/v2\/media?parent=5391"}],"curies":[{"name":"wp","href":"https:\/\/api.w.org\/{rel}","templated":true}]}}