{"id":5749,"date":"2022-05-24T16:15:21","date_gmt":"2022-05-24T14:15:21","guid":{"rendered":"https:\/\/www.maisonauthentik.fr\/?page_id=5749"},"modified":"2022-07-07T14:04:29","modified_gmt":"2022-07-07T12:04:29","slug":"nos-honoraires","status":"publish","type":"page","link":"https:\/\/www.maisonauthentik.com\/index.php\/main-home\/nos-offres\/nos-honoraires\/","title":{"rendered":"Nos Honoraires"},"content":{"rendered":"<table style=\"height: 317px;\" width=\"1299\">\n<tbody>\n<tr>\n<td width=\"406\"><span style=\"color: #579aff;\"><strong>VENTE<\/strong><\/span><\/td>\n<td width=\"123\"><span style=\"color: #579aff;\"><strong>HT*<\/strong><\/span><\/td>\n<td colspan=\"2\" width=\"132\"><span style=\"color: #579aff;\"><strong>TTC**<\/strong><\/span><\/td>\n<\/tr>\n<tr>\n<td width=\"406\"><span style=\"color: #000000;\"><strong>Prix de vente sup\u00e9rieur \u00e0 900\u00a0000 \u20ac<\/strong><\/span><\/td>\n<td width=\"123\"><span style=\"color: #000000;\"><strong>4,17 %<\/strong><\/span><\/td>\n<td colspan=\"2\" width=\"132\"><span style=\"color: #000000;\"><strong>5,00 %<\/strong><\/span><\/td>\n<\/tr>\n<tr>\n<td width=\"406\"><span style=\"color: #000000;\"><strong>Prix de vente de 600\u00a0000 \u20ac \u00e0 899\u00a0999 \u20ac<\/strong><\/span><\/td>\n<td width=\"123\"><span style=\"color: #000000;\"><strong>5,00 %<\/strong><\/span><\/td>\n<td colspan=\"2\" width=\"132\"><span style=\"color: #000000;\"><strong>6,00 %<\/strong><\/span><\/td>\n<\/tr>\n<tr>\n<td width=\"406\"><span style=\"color: #000000;\"><strong>Prix de vente de 400\u00a0000 \u20ac \u00e0 599\u00a0999 \u20ac<\/strong><\/span><\/td>\n<td width=\"123\"><span style=\"color: #000000;\"><strong>5,83 %<\/strong><\/span><\/td>\n<td colspan=\"2\" width=\"132\"><span style=\"color: #000000;\"><strong>7,00 %<\/strong><\/span><\/td>\n<\/tr>\n<tr>\n<td width=\"406\"><span style=\"color: #000000;\"><strong>Prix de vente de 200\u00a0000 \u20ac \u00e0 399\u00a0999 \u20ac<\/strong><\/span><\/td>\n<td width=\"123\"><span style=\"color: #000000;\"><strong>6,67 %<\/strong><\/span><\/td>\n<td colspan=\"2\" width=\"132\"><span style=\"color: #000000;\"><strong>8,00 %<\/strong><\/span><\/td>\n<\/tr>\n<tr>\n<td width=\"406\"><span style=\"color: #000000;\"><strong>Prix de vente de 90\u00a0000 \u20ac \u00e0 199\u00a0999 \u20ac<\/strong><\/span><\/td>\n<td width=\"123\"><span style=\"color: #000000;\"><strong>8,33 %<\/strong><\/span><\/td>\n<td colspan=\"2\" width=\"132\"><span style=\"color: #000000;\"><strong>10,00 %<\/strong><\/span><\/td>\n<\/tr>\n<tr>\n<td width=\"406\"><span style=\"color: #000000;\"><strong>Inf\u00e9rieur \u00e0 89\u00a0999 \u20ac<\/strong><\/span><\/td>\n<td width=\"123\"><span style=\"color: #000000;\"><strong>7\u00a0500,00 \u20ac<\/strong><\/span><\/td>\n<td colspan=\"2\" width=\"132\"><span style=\"color: #000000;\"><strong>9\u00a0000,00 \u20ac<\/strong><\/span><\/td>\n<\/tr>\n<tr>\n<td colspan=\"3\" width=\"660\"><span style=\"color: #579aff;\"><strong>LOCATION <\/strong>(habitation loi du 06\/07\/89)<\/span><\/td>\n<td width=\"1\">\u00a0<\/td>\n<\/tr>\n<tr>\n<td width=\"406\">\u00a0<\/td>\n<td width=\"123\">\u00a0<\/td>\n<td width=\"131\">\u00a0<\/td>\n<td width=\"1\">\u00a0<\/td>\n<\/tr>\n<\/tbody>\n<\/table>\n<table width=\"660\">\n<tbody>\n<tr>\n<td rowspan=\"2\" width=\"263\"><span style=\"color: #579aff;\"><strong>ZONES<\/strong><\/span>\n<p>\u00a0<\/p>\n<p><span style=\"color: #579aff;\"><strong>(par m\u00b2 habitable)<\/strong><\/span><\/p>\n<\/td>\n<td colspan=\"3\" width=\"185\"><span style=\"color: #579aff;\"><strong>Visite\u202f\/ Constitution dossier \/ R\u00e9daction bail<\/strong><\/span><\/td>\n<td colspan=\"3\" width=\"212\"><span style=\"color: #579aff;\"><strong>Etat des lieux<\/strong><\/span><\/td>\n<\/tr>\n<tr>\n<td width=\"96\"><span style=\"color: #579aff;\"><strong>HT<\/strong><\/span><\/td>\n<td colspan=\"2\" width=\"89\"><span style=\"color: #579aff;\"><strong>TTC**<\/strong><\/span><\/td>\n<td colspan=\"2\" width=\"99\"><span style=\"color: #579aff;\"><strong>HT<\/strong><\/span><\/td>\n<td width=\"113\"><span style=\"color: #579aff;\"><strong>TTC**<\/strong><\/span><\/td>\n<\/tr>\n<tr>\n<td width=\"263\"><span style=\"color: #000000;\"><strong>Zone tr\u00e8s tendue\u00a0***<\/strong><\/span><\/td>\n<td width=\"96\"><span style=\"color: #000000;\"><strong>10,00 \u20ac<\/strong><\/span><\/td>\n<td colspan=\"2\" width=\"89\"><span style=\"color: #000000;\"><strong>12,00 \u20ac<\/strong><\/span><\/td>\n<td colspan=\"2\" rowspan=\"3\" width=\"99\"><span style=\"color: #000000;\"><strong>Nu<\/strong><\/span>\n<p>\u00a0<\/p>\n<p><span style=\"color: #000000;\"><strong>2,50 \u20ac<\/strong><\/span><\/p>\n<p><strong><span style=\"color: #579aff;\">Meubl\u00e9<\/span><\/strong><\/p>\n<p><span style=\"color: #000000;\"><strong>2,91 \u20ac<\/strong><\/span><\/p>\n<\/td>\n<td rowspan=\"3\" width=\"113\"><span style=\"color: #000000;\"><strong>Nu<\/strong><\/span>\n<p>\u00a0<\/p>\n<p><span style=\"color: #000000;\"><strong>3,00 \u20ac<\/strong><\/span><\/p>\n<p><strong><span style=\"color: #579aff;\">Meubl\u00e9<\/span><\/strong><\/p>\n<p><span style=\"color: #000000;\"><strong>3,50 \u20ac<\/strong><\/span><\/p>\n<\/td>\n<\/tr>\n<tr>\n<td width=\"263\"><span style=\"color: #000000;\"><strong>Zone tendue\u00a0***<\/strong><\/span><\/td>\n<td width=\"96\"><span style=\"color: #000000;\"><strong>8,33 \u20ac<\/strong><\/span><\/td>\n<td colspan=\"2\" width=\"89\"><span style=\"color: #000000;\"><strong>10,00 \u20ac<\/strong><\/span><\/td>\n<\/tr>\n<tr>\n<td width=\"263\"><span style=\"color: #000000;\"><strong>Hors zone tr\u00e8s tendue et tendue\u00a0***<\/strong><\/span><\/td>\n<td width=\"96\"><span style=\"color: #000000;\"><strong>6,67 \u20ac<\/strong><\/span><\/td>\n<td colspan=\"2\" width=\"89\"><span style=\"color: #000000;\"><strong>8,00 \u20ac<\/strong><\/span><\/td>\n<\/tr>\n<tr>\n<td colspan=\"7\" width=\"660\"><span style=\"color: #000000;\"><strong><em>A ces frais, s\u2019ajoutera un forfait pour gestion administrative du dossier, d\u2019un montant de 350 \u20ac HT<\/em><\/strong><\/span><\/td>\n<\/tr>\n<tr>\n<td colspan=\"7\" width=\"660\"><span style=\"color: #579aff;\"><strong>LOCATION <\/strong>(hors loi du 06\/07\/89)<\/span><\/td>\n<\/tr>\n<tr>\n<td colspan=\"3\" width=\"406\"><span style=\"color: #579aff;\"><strong>LOYER MENSUEL (HT et hors charges)<\/strong><\/span><\/td>\n<td colspan=\"2\" width=\"122\"><span style=\"color: #579aff;\"><strong>HT*<\/strong><\/span><\/td>\n<td colspan=\"2\" width=\"132\"><span style=\"color: #579aff;\"><strong>TTC**<\/strong><\/span><\/td>\n<\/tr>\n<tr>\n<td colspan=\"3\" width=\"406\"><span style=\"color: #000000;\"><strong>Jusqu\u2019\u00e0 2\u202f500 \u20ac<\/strong><\/span><\/td>\n<td colspan=\"2\" width=\"122\"><span style=\"color: #000000;\"><strong>12,50 %<\/strong><\/span><\/td>\n<td colspan=\"2\" width=\"132\"><span style=\"color: #000000;\"><strong>15,00 %<\/strong><\/span><\/td>\n<\/tr>\n<tr>\n<td colspan=\"3\" width=\"406\"><span style=\"color: #000000;\"><strong>De 2\u202f501 \u20ac \u00e0 2\u202f800 \u20ac<\/strong><\/span><\/td>\n<td colspan=\"2\" width=\"122\"><span style=\"color: #000000;\"><strong>11,66 %<\/strong><\/span><\/td>\n<td colspan=\"2\" width=\"132\"><span style=\"color: #000000;\"><strong>14,00 %<\/strong><\/span><\/td>\n<\/tr>\n<tr>\n<td colspan=\"3\" width=\"406\"><span style=\"color: #000000;\"><strong>De 2\u202f801 \u20ac \u00e0 3\u202f000 \u20ac<\/strong><\/span><\/td>\n<td colspan=\"2\" width=\"122\"><span style=\"color: #000000;\"><strong>10,83 %<\/strong><\/span><\/td>\n<td colspan=\"2\" width=\"132\"><span style=\"color: #000000;\"><strong>13,00 %<\/strong><\/span><\/td>\n<\/tr>\n<tr>\n<td colspan=\"3\" width=\"406\"><span style=\"color: #000000;\"><strong>De 3\u202f001 \u20ac \u00e0 3\u202f500 \u20ac<\/strong><\/span><\/td>\n<td colspan=\"2\" width=\"122\"><span style=\"color: #000000;\"><strong>10,00 %<\/strong><\/span><\/td>\n<td colspan=\"2\" width=\"132\"><span style=\"color: #000000;\"><strong>12,00 %<\/strong><\/span><\/td>\n<\/tr>\n<tr>\n<td colspan=\"3\" width=\"406\"><span style=\"color: #000000;\"><strong>De 3\u202f501 \u20ac \u00e0 4 000 \u20ac<\/strong><\/span><\/td>\n<td colspan=\"2\" width=\"122\"><span style=\"color: #000000;\"><strong>9,58 %<\/strong><\/span><\/td>\n<td colspan=\"2\" width=\"132\"><span style=\"color: #000000;\"><strong>11,50 %<\/strong><\/span><\/td>\n<\/tr>\n<tr>\n<td colspan=\"3\" width=\"406\"><span style=\"color: #000000;\"><strong>Sup\u00e9rieur \u00e0 4 001 \u20ac<\/strong><\/span><\/td>\n<td colspan=\"2\" width=\"122\"><span style=\"color: #000000;\"><strong>8,75 %<\/strong><\/span><\/td>\n<td colspan=\"2\" width=\"132\"><span style=\"color: #000000;\"><strong>10,50 %<\/strong><\/span><\/td>\n<\/tr>\n<tr>\n<td colspan=\"3\" width=\"406\"><span style=\"color: #000000;\"><strong>Parking, box, garage, cave \u2013 FORFAIT<\/strong><\/span><\/td>\n<td colspan=\"2\" width=\"122\"><span style=\"color: #000000;\"><strong>200,00 \u20ac<\/strong><\/span><\/td>\n<td colspan=\"2\" width=\"132\"><span style=\"color: #000000;\"><strong>240,00 \u20ac<\/strong><\/span><\/td>\n<\/tr>\n<tr>\n<td width=\"263\">\u00a0<\/td>\n<td width=\"96\">\u00a0<\/td>\n<td width=\"47\">\u00a0<\/td>\n<td width=\"42\">\u00a0<\/td>\n<td width=\"80\">\u00a0<\/td>\n<td width=\"19\">\u00a0<\/td>\n<td width=\"113\">\u00a0<\/td>\n<\/tr>\n<\/tbody>\n<\/table>\n<p><span style=\"color: #000000;\"><strong>* taux maximum applicable<\/strong><\/span><\/p>\n<p><span style=\"color: #000000;\"><strong>** taux actuel de TVA de 20%, \u00e9tant pr\u00e9cis\u00e9 que ce taux est susceptible de modification conform\u00e9ment \u00e0 la r\u00e9glementation fiscale.<\/strong><\/span><\/p>\n<p><span style=\"color: #000000;\"><strong>*** dont 2,50 \u20ac (nu) ou 2,91 \u20ac (meubl\u00e9) correspondant \u00e0 la r\u00e9alisation de l\u2019\u00e9tat des lieux d\u2019entr\u00e9e<\/strong><\/span><\/p>\n<table width=\"660\">\n<tbody>\n<tr>\n<td colspan=\"3\" width=\"660\">\n<p><span style=\"color: #579aff;\"><strong>PRESTATIONS OCCASIONNELLES<\/strong><\/span><\/p>\n<\/td>\n<\/tr>\n<tr>\n<td width=\"406\">\n<p><span style=\"color: #579aff;\"><strong>PRESTATION<\/strong><\/span><\/p>\n<\/td>\n<td width=\"122\">\n<p><span style=\"color: #579aff;\"><strong>HT*<\/strong><\/span><\/p>\n<\/td>\n<td width=\"132\">\n<p><span style=\"color: #579aff;\"><strong>TTC**<\/strong><\/span><\/p>\n<\/td>\n<\/tr>\n<tr>\n<td width=\"406\">\n<p><span style=\"color: #000000;\"><strong>Frais fixes de gestion (par trimestre et par bien g\u00e9r\u00e9)\u00a0<\/strong><\/span><\/p>\n<\/td>\n<td width=\"122\">\n<p><span style=\"color: #000000;\"><strong>12,50 \u20ac\u00a0<\/strong><\/span><\/p>\n<\/td>\n<td width=\"132\">\n<p><span style=\"color: #000000;\"><strong>15,00 \u20ac\u00a0<\/strong><\/span><\/p>\n<\/td>\n<\/tr>\n<tr>\n<td width=\"406\">\n<p><span style=\"color: #000000;\"><strong>Honoraires de constitution, de suivi, de dossier type ANAH, PACT HABITAT, etc\u2026<\/strong><\/span><\/p>\n<\/td>\n<td width=\"122\">\n<p><span style=\"color: #000000;\"><strong>200,00 \u20ac\u00a0<\/strong><\/span><\/p>\n<\/td>\n<td width=\"132\">\n<p><span style=\"color: #000000;\"><strong>240,00 \u20ac\u00a0<\/strong><\/span><\/p>\n<\/td>\n<\/tr>\n<tr>\n<td width=\"406\">\n<p><span style=\"color: #000000;\"><strong>BAIL HABITATION (Honoraires de r\u00e9daction d\u2019acte, de renouvellement ou d\u2019avenant pour chaque partie bailleur et locataire, sur la base du loyer annuel HT et hors charges, par tranches cumulables\u00a0\u00a0<\/strong><\/span><\/p>\n<\/td>\n<td width=\"122\">\u00a0<\/td>\n<td width=\"132\">\u00a0<\/td>\n<\/tr>\n<tr>\n<td width=\"406\">\n<p><span style=\"color: #000000;\"><strong>Jusqu\u2019\u00e0 2\u202f500 \u20ac\u00a0\u00a0<\/strong><\/span><\/p>\n<\/td>\n<td width=\"122\">\n<p><span style=\"color: #000000;\"><strong>2,08 %\u00a0<\/strong><\/span><\/p>\n<\/td>\n<td width=\"132\">\n<p><span style=\"color: #000000;\"><strong>2,50 %\u00a0<\/strong><\/span><\/p>\n<\/td>\n<\/tr>\n<tr>\n<td width=\"406\">\n<p><span style=\"color: #000000;\"><strong>De 2\u202f501 \u20ac \u00e0 4\u202f000 \u20ac\u00a0<\/strong><\/span><\/p>\n<\/td>\n<td width=\"122\">\n<p><span style=\"color: #000000;\"><strong>1,66 %\u00a0<\/strong><\/span><\/p>\n<\/td>\n<td width=\"132\">\n<p><span style=\"color: #000000;\"><strong>2,00 %\u00a0<\/strong><\/span><\/p>\n<\/td>\n<\/tr>\n<tr>\n<td width=\"406\">\n<p><span style=\"color: #000000;\"><strong>Sup\u00e9rieur \u00e0 4\u202f001 \u20ac\u00a0<\/strong><\/span><\/p>\n<\/td>\n<td width=\"122\">\n<p><span style=\"color: #000000;\"><strong>0,83 %\u00a0<\/strong><\/span><\/p>\n<\/td>\n<td width=\"132\">\n<p><span style=\"color: #000000;\"><strong>1,00 %\u00a0<\/strong><\/span><\/p>\n<\/td>\n<\/tr>\n<tr>\n<td colspan=\"3\" width=\"660\">\n<p><span style=\"color: #579aff;\"><strong>BAIL COMMERCIAL ET PROFESSIONNEL<\/strong> (Bail, avenant et renouvellement)<\/span><\/p>\n<\/td>\n<\/tr>\n<tr>\n<td width=\"406\">\n<p><span style=\"color: #000000;\"><strong>Honoraires de r\u00e9daction d\u2019actes pour chaque partie\u00a0<\/strong><\/span><\/p>\n<p><span style=\"color: #000000;\"><strong>(Sur le loyer annuel HT x 9 ans<\/strong><\/span><\/p>\n<p><span style=\"color: #579aff;\"><strong>Minimum de facturation 500 \u20ac HT soit 600 \u20ac TTC<\/strong>)\u00a0<\/span><\/p>\n<\/td>\n<td width=\"122\">\n<p><span style=\"color: #000000;\"><strong>0,75 %\u00a0<\/strong><\/span><\/p>\n<\/td>\n<td width=\"132\">\n<p><span style=\"color: #000000;\"><strong>0,90 %\u00a0<\/strong><\/span><\/p>\n<\/td>\n<\/tr>\n<tr>\n<td width=\"406\">\n<p><span style=\"color: #000000;\"><strong>Honoraires de r\u00e9dactions d\u2019actes pour chaque partie\u00a0<\/strong><\/span><\/p>\n<p><span style=\"color: #000000;\"><strong>(R\u00e9vision triennale)\u00a0<\/strong><\/span><\/p>\n<\/td>\n<td width=\"122\">\n<p><span style=\"color: #000000;\"><strong>500,00 \u20ac\u00a0<\/strong><\/span><\/p>\n<\/td>\n<td width=\"132\">\n<p><span style=\"color: #000000;\"><strong>600,00 \u20ac\u00a0<\/strong><\/span><\/p>\n<\/td>\n<\/tr>\n<tr>\n<td width=\"406\">\n<p><span style=\"color: #000000;\"><strong>Honoraires de n\u00e9gociation pour augmentation du loyer, \u00e0 la charge du bailleur\u00a0<\/strong><\/span><\/p>\n<p><span style=\"color: #000000;\"><strong>(Augmentation annuelle HT et hors charges par tranches cumulables)\u00a0<\/strong><\/span><\/p>\n<\/td>\n<td width=\"122\">\u00a0<\/td>\n<td width=\"132\">\u00a0<\/td>\n<\/tr>\n<tr>\n<td width=\"406\">\n<p><span style=\"color: #000000;\"><strong>Jusqu\u2019\u00e0 10\u202f000 \u20ac\u00a0<\/strong><\/span><\/p>\n<\/td>\n<td width=\"122\">\n<p><span style=\"color: #000000;\"><strong>12,50 %\u00a0<\/strong><\/span><\/p>\n<\/td>\n<td width=\"132\">\n<p><span style=\"color: #000000;\"><strong>15,00 %\u00a0<\/strong><\/span><\/p>\n<\/td>\n<\/tr>\n<tr>\n<td width=\"406\">\n<p><span style=\"color: #000000;\"><strong>De 10\u202f001 \u20ac \u00e0 20\u202f000 \u20ac\u00a0<\/strong><\/span><\/p>\n<\/td>\n<td width=\"122\">\n<p><span style=\"color: #000000;\"><strong>8,40 %\u00a0<\/strong><\/span><\/p>\n<\/td>\n<td width=\"132\">\n<p><span style=\"color: #000000;\"><strong>10,00 %\u00a0<\/strong><\/span><\/p>\n<\/td>\n<\/tr>\n<tr>\n<td width=\"406\">\n<p><span style=\"color: #000000;\"><strong>De 20\u202f001 \u20ac\u00a0\u00e0 30\u202f000 \u20ac\u00a0<\/strong><\/span><\/p>\n<\/td>\n<td width=\"122\">\n<p><span style=\"color: #000000;\"><strong>7,50 %\u00a0<\/strong><\/span><\/p>\n<\/td>\n<td width=\"132\">\n<p><span style=\"color: #000000;\"><strong>9,00 %\u00a0<\/strong><\/span><\/p>\n<\/td>\n<\/tr>\n<tr>\n<td width=\"406\">\n<p><span style=\"color: #000000;\"><strong>Sup\u00e9rieur \u00e0 30\u202f001 \u20ac\u00a0<\/strong><\/span><\/p>\n<\/td>\n<td width=\"122\">\n<p><span style=\"color: #000000;\"><strong>5,00 %\u00a0<\/strong><\/span><\/p>\n<\/td>\n<td width=\"132\">\n<p><span style=\"color: #000000;\"><strong>6,00 %\u00a0<\/strong><\/span><\/p>\n<\/td>\n<\/tr>\n<tr>\n<td width=\"406\">\n<p><span style=\"color: #000000;\"><strong>Frais de dossier nouveau mandant\u00a0<\/strong><\/span><\/p>\n<\/td>\n<td width=\"122\">\n<p><span style=\"color: #000000;\"><strong>150,00 \u20ac\u00a0<\/strong><\/span><\/p>\n<\/td>\n<td width=\"132\">\n<p><span style=\"color: #000000;\"><strong>180 \u20ac\u00a0<\/strong><\/span><\/p>\n<\/td>\n<\/tr>\n<tr>\n<td width=\"406\">\n<p><span style=\"color: #000000;\"><strong>Frais de dossier nouveau(x) lot(s) suppl\u00e9mentaire(s) (par lot)\u00a0<\/strong><\/span><\/p>\n<\/td>\n<td width=\"122\">\n<p><span style=\"color: #000000;\"><strong>15,00 \u20ac\u00a0<\/strong><\/span><\/p>\n<\/td>\n<td width=\"132\">\n<p><span style=\"color: #000000;\"><strong>18,00 \u20ac\u00a0<\/strong><\/span><\/p>\n<\/td>\n<\/tr>\n<\/tbody>\n<\/table>\n<p><span style=\"color: #000000;\"><strong>* taux maximum applicable\u00a0<\/strong><\/span><\/p>\n<p><span style=\"color: #000000;\"><strong>** taux actuel de TVA de 20%, \u00e9tant pr\u00e9cis\u00e9 que ce taux est susceptible de modification conform\u00e9ment \u00e0 la r\u00e9glementation fiscale.\u00a0<\/strong><\/span><\/p>\n<p><span style=\"color: #000000;\"><strong>*** de toutes les sommes, effets et valeurs encaiss\u00e9s pour le compte du Mandant.\u00a0\u00a0<\/strong><\/span><\/p>\n<table width=\"717\">\n<tbody>\n<tr>\n<td colspan=\"5\" width=\"717\">\n<p><span style=\"color: #579aff;\"><strong>MISSION DE CONSEIL<\/strong><\/span><\/p>\n<\/td>\n<\/tr>\n<tr>\n<td width=\"151\">\u00a0<\/td>\n<td width=\"143\">\n<p><span style=\"color: #579aff;\"><strong>TAUX HORAIRE HT<\/strong><\/span><\/p>\n<\/td>\n<td width=\"166\">\n<p><span style=\"color: #579aff;\"><strong>DEPLACEMENT HT<\/strong><\/span><\/p>\n<\/td>\n<td width=\"133\">\n<p><span style=\"color: #579aff;\"><strong>HT*<\/strong><\/span><\/p>\n<\/td>\n<td width=\"124\">\n<p><span style=\"color: #579aff;\"><strong>TTC**<\/strong>\u00a0<\/span><\/p>\n<\/td>\n<\/tr>\n<tr>\n<td width=\"151\">\n<p><span style=\"color: #000000;\"><strong>Clients<\/strong><\/span><\/p>\n<\/td>\n<td width=\"143\">\n<p><span style=\"color: #000000;\"><strong>50,00 \u20ac<\/strong><\/span><\/p>\n<\/td>\n<td width=\"166\">\n<p><span style=\"color: #000000;\"><strong>30,00 \u20ac<\/strong><\/span><\/p>\n<\/td>\n<td width=\"133\">\n<p><span style=\"color: #000000;\"><strong>80,00 \u20ac<\/strong><\/span><\/p>\n<\/td>\n<td width=\"124\">\n<p><span style=\"color: #000000;\"><strong>96,00 \u20ac<\/strong><\/span><\/p>\n<\/td>\n<\/tr>\n<tr>\n<td width=\"151\">\n<p><span style=\"color: #000000;\"><strong>Nouveaux clients<\/strong><\/span><\/p>\n<\/td>\n<td width=\"143\">\n<p><span style=\"color: #000000;\"><strong>80,00 \u20ac<\/strong><\/span><\/p>\n<\/td>\n<td width=\"166\">\n<p><span style=\"color: #000000;\"><strong>30,00 \u20ac<\/strong><\/span><\/p>\n<\/td>\n<td width=\"133\">\n<p><span style=\"color: #000000;\"><strong>110,00 \u20ac<\/strong><\/span><\/p>\n<\/td>\n<td width=\"124\">\n<p><span style=\"color: #000000;\"><strong>132,00 \u20ac<\/strong><\/span><\/p>\n<\/td>\n<\/tr>\n<\/tbody>\n<\/table>\n<p><span style=\"color: #000000;\"><strong><em>Possibilit\u00e9 d\u2019un tarif forfaitaire en fonction de la mission.<\/em><\/strong><\/span><\/p>\n<table width=\"717\">\n<tbody>\n<tr>\n<td colspan=\"3\" width=\"717\">\n<p><strong><span style=\"color: #579aff;\">ACCOMPAGNEMENT ADMINISTRATIF &amp; REGLEMENTAIRE<\/span><\/strong><\/p>\n<\/td>\n<\/tr>\n<tr>\n<td width=\"460\">\n<p><strong><span style=\"color: #579aff;\">FORFAIT 10 heures<\/span><\/strong><\/p>\n<\/td>\n<td width=\"133\">\n<p><strong><span style=\"color: #579aff;\">HT*<\/span><\/strong><\/p>\n<\/td>\n<td width=\"124\">\n<p><strong><span style=\"color: #579aff;\">TTC**\u00a0<\/span><\/strong><\/p>\n<\/td>\n<\/tr>\n<tr>\n<td width=\"460\">\n<p style=\"text-align: left;\"><span style=\"color: #000000;\"><strong>Constitution d\u2019un permis de construire (relation avec un architecte comprise)<\/strong><\/span><\/p>\n<p style=\"text-align: left;\"><span style=\"color: #000000;\"><strong>Certificat de conformit\u00e9<\/strong><\/span><\/p>\n<p style=\"text-align: left;\"><span style=\"color: #000000;\"><strong>Projet de division (relation avec un g\u00e9om\u00e8tre comprise)<\/strong><\/span><\/p>\n<p style=\"text-align: left;\"><span style=\"color: #000000;\"><strong>Autres prestations r\u00e9glementaires<\/strong><\/span><\/p>\n<\/td>\n<td width=\"133\">\n<p><span style=\"color: #000000;\"><strong>1\u00a0000,00 \u20ac<\/strong><\/span><\/p>\n<\/td>\n<td width=\"124\">\n<p><span style=\"color: #000000;\"><strong>1\u00a0200,00 \u20ac<\/strong><\/span><\/p>\n<\/td>\n<\/tr>\n<tr>\n<td width=\"460\">\n<p style=\"text-align: left;\"><span style=\"color: #000000;\"><strong>Au-del\u00e0 des 10 heures par heure suppl\u00e9mentaire<\/strong><\/span><\/p>\n<\/td>\n<td width=\"133\">\n<p><span style=\"color: #000000;\"><strong>80,00 \u20ac<\/strong><\/span><\/p>\n<\/td>\n<td width=\"124\">\n<p><span style=\"color: #000000;\"><strong>96,00 \u20ac<\/strong><\/span><\/p>\n<\/td>\n<\/tr>\n<tr>\n<td colspan=\"3\" width=\"717\">\n<p><span style=\"color: #579aff;\"><strong>AUTRES PRESTATIONS<\/strong><\/span><\/p>\n<\/td>\n<\/tr>\n<tr>\n<td colspan=\"3\" width=\"717\">\n<p style=\"text-align: left;\"><span style=\"color: #579aff;\"><strong>Prestations sur devis en fonction de la superficie et de la typologie du bien<\/strong><\/span><\/p>\n<\/td>\n<\/tr>\n<tr>\n<td colspan=\"3\" width=\"717\">\n<p style=\"text-align: left;\"><span style=\"color: #000000;\"><strong>Diagnostiques<\/strong><\/span><\/p>\n<p style=\"text-align: left; padding-left: 40px;\"><span style=\"color: #000000;\"><strong>A la charge du mandant avec remboursement le jour de la signature authentique chez le notaire.<\/strong><\/span><\/p>\n<p style=\"text-align: left;\"><span style=\"color: #000000;\"><strong>Pr\u00e9sentation 3D par pi\u00e8ce<\/strong><\/span><\/p>\n<p style=\"text-align: left; padding-left: 40px;\"><span style=\"color: #000000;\"><strong>Int\u00e9rieur<\/strong><\/span><\/p>\n<p style=\"text-align: left; padding-left: 40px;\"><span style=\"color: #000000;\"><strong>Ext\u00e9rieur<\/strong><\/span><\/p>\n<p style=\"text-align: left; padding-left: 40px;\"><span style=\"color: #000000;\"><strong>Vid\u00e9o 360\u00b0<\/strong><\/span><\/p>\n<p style=\"text-align: left;\"><span style=\"color: #000000;\"><strong>Plans m\u00e9tr\u00e9s<\/strong><\/span><\/p>\n<\/td>\n<\/tr>\n<tr>\n<td colspan=\"3\" width=\"717\">\n<p><span style=\"color: #579aff;\"><strong>MISSION DECORATION \/ HOME STAGING<\/strong><\/span><\/p>\n<\/td>\n<\/tr>\n<tr>\n<td width=\"460\">\n<p style=\"text-align: left;\"><strong><span style=\"color: #579aff;\">Prestations sur devis en fonction de la superficie &#8211; FORFAIT par pi\u00e8ce jusqu\u2019\u00e0 30 m\u00b2<\/span><\/strong><\/p>\n<\/td>\n<td width=\"133\">\u00a0<\/td>\n<td width=\"124\">\u00a0<\/td>\n<\/tr>\n<tr>\n<td width=\"460\">\n<p style=\"text-align: left;\">\u00a0<span style=\"color: #000000;\"> <strong>D\u00e9placement pour visite<\/strong><\/span><\/p>\n<p style=\"text-align: left;\"><span style=\"color: #000000;\"><strong>\u00a0 M\u00e9trage au t\u00e9l\u00e9m\u00e8tre<\/strong><\/span><\/p>\n<p style=\"text-align: left;\"><span style=\"color: #000000;\"><strong>\u00a0 Faisabilit\u00e9 technique<\/strong><\/span><\/p>\n<p style=\"text-align: left;\"><span style=\"color: #000000;\"><strong>\u00a0 Rep\u00e9rage implantation<\/strong><\/span><\/p>\n<p style=\"text-align: left;\"><span style=\"color: #000000;\"><strong>\u00a0 Planche ambiance \/ Liste shopping<\/strong><\/span><\/p>\n<\/td>\n<td width=\"133\">\u00a0<\/td>\n<td width=\"124\">\u00a0<\/td>\n<\/tr>\n<\/tbody>\n<\/table>\n<p><span style=\"color: #000000;\"><strong>* taux maximum applicable<\/strong><\/span><\/p>\n<p><span style=\"color: #000000;\"><strong>** taux actuel de TVA de 20%, \u00e9tant pr\u00e9cis\u00e9 que ce taux est susceptible de modification conform\u00e9ment \u00e0 la r\u00e9glementation fiscale.\u00a0<\/strong><\/span><\/p>\n\n\n<p><\/p>\n","protected":false},"excerpt":{"rendered":"<p>VENTE HT* TTC** Prix de vente sup\u00e9rieur \u00e0 900\u00a0000 \u20ac 4,17 % 5,00 % Prix de vente de 600\u00a0000 \u20ac \u00e0 899\u00a0999 \u20ac 5,00 % 6,00 % Prix de vente de 400\u00a0000 \u20ac \u00e0 599\u00a0999 \u20ac 5,83 % 7,00 % [&hellip;]<\/p>\n","protected":false},"author":3,"featured_media":5524,"parent":2061,"menu_order":0,"comment_status":"closed","ping_status":"closed","template":"","meta":{"footnotes":""},"class_list":["post-5749","page","type-page","status-publish","has-post-thumbnail","hentry"],"_links":{"self":[{"href":"https:\/\/www.maisonauthentik.com\/index.php\/wp-json\/wp\/v2\/pages\/5749","targetHints":{"allow":["GET"]}}],"collection":[{"href":"https:\/\/www.maisonauthentik.com\/index.php\/wp-json\/wp\/v2\/pages"}],"about":[{"href":"https:\/\/www.maisonauthentik.com\/index.php\/wp-json\/wp\/v2\/types\/page"}],"author":[{"embeddable":true,"href":"https:\/\/www.maisonauthentik.com\/index.php\/wp-json\/wp\/v2\/users\/3"}],"replies":[{"embeddable":true,"href":"https:\/\/www.maisonauthentik.com\/index.php\/wp-json\/wp\/v2\/comments?post=5749"}],"version-history":[{"count":21,"href":"https:\/\/www.maisonauthentik.com\/index.php\/wp-json\/wp\/v2\/pages\/5749\/revisions"}],"predecessor-version":[{"id":5931,"href":"https:\/\/www.maisonauthentik.com\/index.php\/wp-json\/wp\/v2\/pages\/5749\/revisions\/5931"}],"up":[{"embeddable":true,"href":"https:\/\/www.maisonauthentik.com\/index.php\/wp-json\/wp\/v2\/pages\/2061"}],"wp:featuredmedia":[{"embeddable":true,"href":"https:\/\/www.maisonauthentik.com\/index.php\/wp-json\/wp\/v2\/media\/5524"}],"wp:attachment":[{"href":"https:\/\/www.maisonauthentik.com\/index.php\/wp-json\/wp\/v2\/media?parent=5749"}],"curies":[{"name":"wp","href":"https:\/\/api.w.org\/{rel}","templated":true}]}}